{"id":413,"date":"2020-02-19T12:22:36","date_gmt":"2020-02-19T11:22:36","guid":{"rendered":"https:\/\/at-art.fr\/?page_id=413"},"modified":"2020-03-19T20:24:36","modified_gmt":"2020-03-19T19:24:36","slug":"portrait","status":"publish","type":"page","link":"https:\/\/at-art.fr\/?page_id=413","title":{"rendered":"Portrait"},"content":{"rendered":"\n<p><em>&nbsp;&nbsp;&nbsp;&nbsp;&nbsp;&nbsp;&nbsp;&nbsp;&nbsp;&nbsp;&nbsp;&nbsp;&nbsp;&nbsp;&nbsp;&nbsp;&nbsp;&nbsp;&nbsp;&nbsp;&nbsp;&nbsp;&nbsp;&nbsp; <\/em><em>Yves\nATTARD est sculpteur et c\u00e9ramiste. <\/em><\/p>\n\n\n\n<p>Son mat\u00e9riau&nbsp;: la terre.<br><em>&nbsp;&nbsp; Son inspiration&nbsp;: la femme.<\/em><br>Il la fait toute en rondeur, g\u00e9n\u00e9reuse ou longiligne, provocante ou sage. Ses courbes avantageuses&nbsp; invitent \u00e0 la caresse des yeux et des mains. L\u2019argile se plie \u00e0 la fantaisie des doigts de l\u2019artiste et fige un mouvement, une pose. <em>Cuites \u00e0 gr\u00e8s, crues ou \u00e9maill\u00e9es, ses \u0153uvres sont un m\u00e9lange de s\u00e9r\u00e9nit\u00e9, de beaut\u00e9 et d\u2019harmonie. Un r\u00e9gal&nbsp;!<\/em><\/p>\n\n\n\n<p><em>Pendant&nbsp; 6\nans, Yves ATTARD a \u00e9t\u00e9 \u00e9l\u00e8ve d\u2019un certain Roger TOULOUSE \u2026 et pendant 37 ans,\n\u00e9l\u00e8ve \u2026 de ses petits \u00e9l\u00e8ves pour qui le moindre trait est toute une histoire,\navec sa fulgurance, son incertitude et sa libert\u00e9 d\u2019aller&nbsp;: les a-priori\net arri\u00e8res-pens\u00e9es des Grands ont bien le temps de venir l\u2019encombrer.<\/em><\/p>\n\n\n\n<p>\u00ab Tout n\u2019est que jeu\u2026 et jouer avec les lignes, les formes, les creux,\nles ombres, les reflets, les volumes pour cr\u00e9er \u2026et pour inviter les mains et\nles yeux \u00e0 venir caresser des douceurs, voil\u00e0 mon bonheur.&nbsp;\u00bb<\/p>\n\n\n\n<p>Il utilise une terre de Puisaye\n\u2013du gr\u00e8s chamott\u00e9- qu\u2019il biscuite \u00e0 1000\u00b0C et qu\u2019il peut laisser ainsi \u2013douce\net rose- pour que les lignes, les ombres et les lumi\u00e8res s\u2019expriment pleinement\nsur ses sculptures, ou qu\u2019il peut \u00e9mailler \u00e0 grand feu \u20131250\u00b0C- pour&nbsp; habiller celles-ci de mille reflets\nimprobables.<\/p>\n\n\n\n<p>Yves Attard travaille \u00e9galement la dalle de verre et r\u00e9alise des sculptures \u00e9tonnantes.<\/p>\n\n\n\n<p>Plasticien, il fait des installations adapt\u00e9es au lieu qui les accueille, notamment pour le Grand Baz&rsquo;Art avec la ville d&rsquo;Olivet.<\/p>\n\n\n\n<p>Membre de l&rsquo;association \u00ab\u00a0couleur vinaigre\u00a0\u00bb et vice pr\u00e9sident de la SLAO (Soci\u00e9t\u00e9 Litt\u00e9raire et Artistique de l&rsquo;Orl\u00e9anais).<\/p>\n","protected":false},"excerpt":{"rendered":"<p>&nbsp;&nbsp;&nbsp;&nbsp;&nbsp;&nbsp;&nbsp;&nbsp;&nbsp;&nbsp;&nbsp;&nbsp;&nbsp;&nbsp;&nbsp;&nbsp;&nbsp;&nbsp;&nbsp;&nbsp;&nbsp;&nbsp;&nbsp;&nbsp; Yves ATTARD est sculpteur et c\u00e9ramiste. Son mat\u00e9riau&nbsp;: la terre.&nbsp;&nbsp; Son inspiration&nbsp;: la femme.Il la fait toute en rondeur, g\u00e9n\u00e9reuse ou longiligne, provocante ou sage. Ses courbes avantageuses&nbsp; invitent \u00e0 la caresse des yeux et des mains. L\u2019argile se plie \u00e0 la fantaisie des doigts de l\u2019artiste et fige un mouvement, une pose. Cuites &hellip; <\/p>\n<p class=\"link-more\"><a href=\"https:\/\/at-art.fr\/?page_id=413\" class=\"more-link\">Continuer la lecture<span class=\"screen-reader-text\"> de &laquo;&nbsp;Portrait&nbsp;&raquo;<\/span><\/a><\/p>\n","protected":false},"author":2,"featured_media":0,"parent":2,"menu_order":0,"comment_status":"closed","ping_status":"closed","template":"","meta":{"ngg_post_thumbnail":0,"footnotes":""},"class_list":["post-413","page","type-page","status-publish","hentry"],"_links":{"self":[{"href":"https:\/\/at-art.fr\/index.php?rest_route=\/wp\/v2\/pages\/413","targetHints":{"allow":["GET"]}}],"collection":[{"href":"https:\/\/at-art.fr\/index.php?rest_route=\/wp\/v2\/pages"}],"about":[{"href":"https:\/\/at-art.fr\/index.php?rest_route=\/wp\/v2\/types\/page"}],"author":[{"embeddable":true,"href":"https:\/\/at-art.fr\/index.php?rest_route=\/wp\/v2\/users\/2"}],"replies":[{"embeddable":true,"href":"https:\/\/at-art.fr\/index.php?rest_route=%2Fwp%2Fv2%2Fcomments&post=413"}],"version-history":[{"count":3,"href":"https:\/\/at-art.fr\/index.php?rest_route=\/wp\/v2\/pages\/413\/revisions"}],"predecessor-version":[{"id":602,"href":"https:\/\/at-art.fr\/index.php?rest_route=\/wp\/v2\/pages\/413\/revisions\/602"}],"up":[{"embeddable":true,"href":"https:\/\/at-art.fr\/index.php?rest_route=\/wp\/v2\/pages\/2"}],"wp:attachment":[{"href":"https:\/\/at-art.fr\/index.php?rest_route=%2Fwp%2Fv2%2Fmedia&parent=413"}],"curies":[{"name":"wp","href":"https:\/\/api.w.org\/{rel}","templated":true}]}}