{"id":416,"date":"2020-02-19T12:29:10","date_gmt":"2020-02-19T11:29:10","guid":{"rendered":"https:\/\/at-art.fr\/?page_id=416"},"modified":"2020-02-27T12:14:36","modified_gmt":"2020-02-27T11:14:36","slug":"portrait","status":"publish","type":"page","link":"https:\/\/at-art.fr\/?page_id=416","title":{"rendered":"Portrait"},"content":{"rendered":"\n<p>         Monique Attard\u00a0 a beaucoup travaill\u00e9 en arts plastiques avec des jeunes enfants. \u00ableur imagination sans interdits, leur cr\u00e9ativit\u00e9 m\u2019ont \u00e9norm\u00e9ment appris\u00bb. Elle peint \u00e0 l\u2019acrylique sur un fond travaill\u00e9 avec une p\u00e2te r\u00e9sine qui donne le relief et la construction de la toile. Peuvent s\u2019y incorporer du carton, de la toile, des fibres\u2026<br><em>\u00ab\u00a0J\u2019aime travailler la mati\u00e8re, la rendre granuleuse ou lisse, l\u2019\u00e9tendre, la jeter en p\u00e2t\u00e9s ou en gouttes, froisser, polir, laisser des empreintes. J\u2019aime peindre en sentant le relief sous mes doigts, sous le chiffon ou le pinceau. Les couleurs se superposent, se perdent dans les creux, s\u2019accrochent sur les cr\u00eates.<\/em> <em>Mes \u0153uvres sont abstraites. Pas de message ou d\u2019introspection, mais simplement le plaisir de construire, de donner un mouvement, une atmosph\u00e8re. Le visiteur peut alors laisser vagabonder son imagination devant mes tableaux. \u00bb<\/em><br><br>Nombreuses expositions de groupe, individuelles et en galeries, en France et \u00e0 l&rsquo;\u00e9tranger.<br><br>Pr\u00e9sidente de la Soci\u00e9t\u00e9 Litt\u00e9raire et Artistique de l&rsquo;Orl\u00e9anais.<br>Directrice artistique de l&rsquo;\u00e9v\u00e8nement \u00ab\u00a0le Grand Baz&rsquo;Art\u00a0\u00bb avec la municipalit\u00e9 d&rsquo;Olivet (45160). <br>Membre de plusieurs associations artistiques.<\/p>\n\n\n\n<p><\/p>\n\n\n\n<p>\u00ab\u00a0Ma peinture est abstraite. Elle n&rsquo;a ni besoin de raconter une histoire, ni besoin de repr\u00e9senter une sc\u00e8ne du monde r\u00e9el. Mon langage est celui de la couleur, de la structure, de la forme. Ma toile n&rsquo;a besoin de rien d&rsquo;autre que son esth\u00e9tique pour \u00eatre appr\u00e9ci\u00e9e. Un tableau figuratif vous invite dans un univers de perceptions; un tableau abstrait vous invite dans un univers mental. Qu&rsquo;est-ce que je veux repr\u00e9senter? RIEN !&#8230; et tout. J&rsquo;y mets beaucoup de moi-m\u00eame, mais vous ne le voyez pas. Mes sentiments personnels ne sont pas les v\u00f4tres&#8230; Mais vous, vous pouvez r\u00eaver, interpr\u00e9ter. L&rsquo;\u0153uvre abstraite est ouverte \u00e0 votre propre imagination, c&rsquo;est un espace de libert\u00e9, et je vous invite \u00e0 vous y promener.<br>\u00a0\u00a0\u00a0\u00a0\u00a0\u00a0\u00a0\u00a0 Alors quelle est ma source d&rsquo;inspiration? Je joue&#8230; avec la mati\u00e8re (des morceaux de papier, du tissu, du carton&#8230;). Je cherche la composition, je donne un mouvement, du relief, je construis, je colle, je tartine de p\u00e2te, et je structure mon tableau. Vient ensuite la couleur, de l&rsquo;acrylique: des superpositions de couleurs pass\u00e9es au doigt, au chiffon, au couteau, et qui mettront en valeur la structure et son relief. Le pinceau servira \u00e0 la fin, pour les d\u00e9tails. J&rsquo;ai, le plus souvent, une pr\u00e9f\u00e9rence pour une palette de couleurs chaudes.<\/p>\n\n\n\n<p>\u00a0\u00a0\u00a0\u00a0\u00a0\u00a0\u00a0\u00a0 Je fais une peinture abstraite plut\u00f4t <strong>g\u00e9om\u00e9trique<\/strong>, et ma d\u00e9marche est diff\u00e9rente de celle de la peinture abstraite <strong>lyrique<\/strong>, plus informelle. Je ne me lance pas au hasard, j&rsquo;ai besoin de structurer, dans ma t\u00eate d&rsquo;abord, puis sur la toile. Pas de mod\u00e8le, mais les r\u00e8gles de base \u00e0 conna\u00eetre &#8211; composition, mouvement, lumi\u00e8re, profondeur&#8230; La peinture abstraite n&rsquo;est pas un \u00ab\u00a0barbouillage\u00a0\u00bb, et si les r\u00e8gles sont parfois transgress\u00e9es, c&rsquo;est en connaissance de cause. C&rsquo;est donc un long cheminement, et comme dans toute technique, il faut chercher longtemps en sachant que l&rsquo;on ne trouvera jamais compl\u00e8tement, car ce serait la fin de l&rsquo;aventure.\u00a0\u00bb<\/p>\n\n\n\n<p><\/p>\n","protected":false},"excerpt":{"rendered":"<p>Monique Attard\u00a0 a beaucoup travaill\u00e9 en arts plastiques avec des jeunes enfants. \u00ableur imagination sans interdits, leur cr\u00e9ativit\u00e9 m\u2019ont \u00e9norm\u00e9ment appris\u00bb. Elle peint \u00e0 l\u2019acrylique sur un fond travaill\u00e9 avec une p\u00e2te r\u00e9sine qui donne le relief et la construction de la toile. Peuvent s\u2019y incorporer du carton, de la toile, des fibres\u2026\u00ab\u00a0J\u2019aime travailler la &hellip; <\/p>\n<p class=\"link-more\"><a href=\"https:\/\/at-art.fr\/?page_id=416\" class=\"more-link\">Continuer la lecture<span class=\"screen-reader-text\"> de &laquo;&nbsp;Portrait&nbsp;&raquo;<\/span><\/a><\/p>\n","protected":false},"author":2,"featured_media":0,"parent":47,"menu_order":0,"comment_status":"closed","ping_status":"closed","template":"","meta":{"ngg_post_thumbnail":0,"footnotes":""},"class_list":["post-416","page","type-page","status-publish","hentry"],"_links":{"self":[{"href":"https:\/\/at-art.fr\/index.php?rest_route=\/wp\/v2\/pages\/416","targetHints":{"allow":["GET"]}}],"collection":[{"href":"https:\/\/at-art.fr\/index.php?rest_route=\/wp\/v2\/pages"}],"about":[{"href":"https:\/\/at-art.fr\/index.php?rest_route=\/wp\/v2\/types\/page"}],"author":[{"embeddable":true,"href":"https:\/\/at-art.fr\/index.php?rest_route=\/wp\/v2\/users\/2"}],"replies":[{"embeddable":true,"href":"https:\/\/at-art.fr\/index.php?rest_route=%2Fwp%2Fv2%2Fcomments&post=416"}],"version-history":[{"count":6,"href":"https:\/\/at-art.fr\/index.php?rest_route=\/wp\/v2\/pages\/416\/revisions"}],"predecessor-version":[{"id":591,"href":"https:\/\/at-art.fr\/index.php?rest_route=\/wp\/v2\/pages\/416\/revisions\/591"}],"up":[{"embeddable":true,"href":"https:\/\/at-art.fr\/index.php?rest_route=\/wp\/v2\/pages\/47"}],"wp:attachment":[{"href":"https:\/\/at-art.fr\/index.php?rest_route=%2Fwp%2Fv2%2Fmedia&parent=416"}],"curies":[{"name":"wp","href":"https:\/\/api.w.org\/{rel}","templated":true}]}}